{"id":6189,"date":"2023-03-04T12:22:24","date_gmt":"2023-03-04T09:22:24","guid":{"rendered":"https:\/\/westbalt.ee\/?post_type=product&#038;p=6189"},"modified":"2026-03-21T19:44:42","modified_gmt":"2026-03-21T16:44:42","slug":"elektrikilbikest-hek-30-9m-ar","status":"publish","type":"product","link":"https:\/\/westbalt.ee\/?product=elektrikilbikest-hek-30-9m-ar","title":{"rendered":"Arvestikilp JMA40-10 1arvesti+5m+10m 450x450x140mm p.pealne IP44"},"content":{"rendered":"<p>Kaablil\u00e4biviikudeks soovitame kasutada multil\u00e4biviike<br \/>\nFL21 (nt. HTC-3, HTC-25, HTC-35, HTC-50 jne.). Multil\u00e4biviigud tagavad kooste kaitseastme IP44.<br \/>\nMonteeritavate seadmete jaoks on etten\u00e4htud DINrelsid mille vahekaugus \u00fcmbrise tagaseinast on 45mm,<br \/>\nDIN-relsside omavaheline kaugus on 165mm.<br \/>\nKilp kinnitatakse seinale t\u00fc\u00fcblite\/poltide\/kruvide abil.<br \/>\nS\u00fcvispaigalduse tarvis on v\u00f5imalik tellida krae. S\u00fcvispaigaldus eeldab 140mm s\u00fcgavust ava.<\/p>\n","protected":false},"excerpt":{"rendered":"<p>\u2022 Valmistatud 1mm paksusest kuumtsingitud teraslehest.<br \/>\n\u2022 Viimistletud kivihalli pulberv\u00e4rviga RAL 7035.<br \/>\n\u2022 IP44 kaitseastme tagamiseks on uks tihendatud vahtkummiga.<br \/>\n\u2022 Toote komplekti kuuluvad kruvipealukk ja metallist l\u00e4biviiguavade katted. <\/p>\n","protected":false},"featured_media":29324,"comment_status":"open","ping_status":"closed","template":"","meta":{"_acf_changed":false,"_monsterinsights_skip_tracking":false,"_monsterinsights_sitenote_active":false,"_monsterinsights_sitenote_note":"","_monsterinsights_sitenote_category":0},"pwb-brand":[],"product_brand":[],"product_cat":[260],"product_tag":[],"class_list":{"0":"post-6189","1":"product","2":"type-product","3":"status-publish","4":"has-post-thumbnail","6":"product_cat-metallist-elektrikilbid","8":"first","9":"instock","10":"taxable","11":"shipping-taxable","12":"purchasable","13":"product-type-simple"},"acf":[],"aioseo_notices":[],"jetpack_sharing_enabled":true,"brands":[],"_links":{"self":[{"href":"https:\/\/westbalt.ee\/index.php?rest_route=\/wp\/v2\/product\/6189","targetHints":{"allow":["GET"]}}],"collection":[{"href":"https:\/\/westbalt.ee\/index.php?rest_route=\/wp\/v2\/product"}],"about":[{"href":"https:\/\/westbalt.ee\/index.php?rest_route=\/wp\/v2\/types\/product"}],"replies":[{"embeddable":true,"href":"https:\/\/westbalt.ee\/index.php?rest_route=%2Fwp%2Fv2%2Fcomments&post=6189"}],"wp:featuredmedia":[{"embeddable":true,"href":"https:\/\/westbalt.ee\/index.php?rest_route=\/wp\/v2\/media\/29324"}],"wp:attachment":[{"href":"https:\/\/westbalt.ee\/index.php?rest_route=%2Fwp%2Fv2%2Fmedia&parent=6189"}],"wp:term":[{"taxonomy":"pwb-brand","embeddable":true,"href":"https:\/\/westbalt.ee\/index.php?rest_route=%2Fwp%2Fv2%2Fpwb-brand&post=6189"},{"taxonomy":"product_brand","embeddable":true,"href":"https:\/\/westbalt.ee\/index.php?rest_route=%2Fwp%2Fv2%2Fproduct_brand&post=6189"},{"taxonomy":"product_cat","embeddable":true,"href":"https:\/\/westbalt.ee\/index.php?rest_route=%2Fwp%2Fv2%2Fproduct_cat&post=6189"},{"taxonomy":"product_tag","embeddable":true,"href":"https:\/\/westbalt.ee\/index.php?rest_route=%2Fwp%2Fv2%2Fproduct_tag&post=6189"}],"curies":[{"name":"wp","href":"https:\/\/api.w.org\/{rel}","templated":true}]}}