{"id":6580,"date":"2012-10-04T13:50:27","date_gmt":"2012-10-04T10:50:27","guid":{"rendered":"https:\/\/westbalt.ee\/?post_type=product&#038;p=6580"},"modified":"2026-03-21T19:41:38","modified_gmt":"2026-03-21T16:41:38","slug":"termokahanev-toru-25-4-12-7mm-ko-ro-1m","status":"publish","type":"product","link":"https:\/\/westbalt.ee\/?product=termokahanev-toru-25-4-12-7mm-ko-ro-1m","title":{"rendered":"Termokahanev toru 25.4\/12.7mm ko-ro(1m)"},"content":{"rendered":"<p>&#8211;<\/p>\n","protected":false},"excerpt":{"rendered":"<p>\u2022 Kahanemissuhe 2:1<br \/>\n\u2022 L\u00e4bim\u00f5\u00f5t enne kahanemist 25.4mm<br \/>\n\u2022 L\u00e4bim\u00f5\u00f5t peale kahanemist 12.7mm<br \/>\n\u2022 Materjal: polyolefine<br \/>\n\u2022 T\u00f6\u00f6temperatuur -55&#8230;125\u00b0C<\/p>\n","protected":false},"featured_media":6581,"comment_status":"open","ping_status":"open","template":"","meta":{"_acf_changed":false,"_monsterinsights_skip_tracking":false,"_monsterinsights_sitenote_active":false,"_monsterinsights_sitenote_note":"","_monsterinsights_sitenote_category":0},"pwb-brand":[],"product_brand":[],"product_cat":[271],"product_tag":[],"class_list":{"0":"post-6580","1":"product","2":"type-product","3":"status-publish","4":"has-post-thumbnail","6":"product_cat-kaablikaitsetorud","7":"pa_m-dud-length-1m","8":"pa_varv-kolla-roheline","10":"first","11":"outofstock","12":"taxable","13":"shipping-taxable","14":"purchasable","15":"product-type-simple"},"acf":[],"aioseo_notices":[],"jetpack_sharing_enabled":true,"brands":[],"_links":{"self":[{"href":"https:\/\/westbalt.ee\/index.php?rest_route=\/wp\/v2\/product\/6580","targetHints":{"allow":["GET"]}}],"collection":[{"href":"https:\/\/westbalt.ee\/index.php?rest_route=\/wp\/v2\/product"}],"about":[{"href":"https:\/\/westbalt.ee\/index.php?rest_route=\/wp\/v2\/types\/product"}],"replies":[{"embeddable":true,"href":"https:\/\/westbalt.ee\/index.php?rest_route=%2Fwp%2Fv2%2Fcomments&post=6580"}],"wp:featuredmedia":[{"embeddable":true,"href":"https:\/\/westbalt.ee\/index.php?rest_route=\/wp\/v2\/media\/6581"}],"wp:attachment":[{"href":"https:\/\/westbalt.ee\/index.php?rest_route=%2Fwp%2Fv2%2Fmedia&parent=6580"}],"wp:term":[{"taxonomy":"pwb-brand","embeddable":true,"href":"https:\/\/westbalt.ee\/index.php?rest_route=%2Fwp%2Fv2%2Fpwb-brand&post=6580"},{"taxonomy":"product_brand","embeddable":true,"href":"https:\/\/westbalt.ee\/index.php?rest_route=%2Fwp%2Fv2%2Fproduct_brand&post=6580"},{"taxonomy":"product_cat","embeddable":true,"href":"https:\/\/westbalt.ee\/index.php?rest_route=%2Fwp%2Fv2%2Fproduct_cat&post=6580"},{"taxonomy":"product_tag","embeddable":true,"href":"https:\/\/westbalt.ee\/index.php?rest_route=%2Fwp%2Fv2%2Fproduct_tag&post=6580"}],"curies":[{"name":"wp","href":"https:\/\/api.w.org\/{rel}","templated":true}]}}