{"id":6742,"date":"2012-10-04T14:19:30","date_gmt":"2012-10-04T11:19:30","guid":{"rendered":"https:\/\/westbalt.ee\/?post_type=product&#038;p=6742"},"modified":"2026-03-21T19:46:42","modified_gmt":"2026-03-21T16:46:42","slug":"tekstiilteip-tesa-19mm-x-15m","status":"publish","type":"product","link":"https:\/\/westbalt.ee\/?product=tekstiilteip-tesa-19mm-x-15m","title":{"rendered":"Tekstiilteip Tesa 19mm x 15m"},"content":{"rendered":"<p>tesa\u00ae 51608 on PET-fliisist kaut\u0161ukliimiga juhtmesidumisteip, mis on m\u00f5eldud just k\u00e4sitsi paigaldamiseks. See fliisteip on eriti kleepuv ning saavutab v\u00e4ga kiiresti l\u00f5pliku nakkej\u00f5u. Looduslikust kaut\u0161ukist liim tagab hea nakkuvuse nii polaarsete kui ka mittepolaarse pindadega.tesa\u00ae 51608 universaalne autosalongi juhtmesidumisteip. See on m\u00fcra summutav (kategooria C), h\u00f5\u00f5rdumiskindel ning tugeva siduvusega, j\u00e4ttes samas juhtmetele paindumisruumi ning v\u00f5imaldades mugavat paigaldamist. T\u00e4nu painduvusele on seda teipi mugav kasutada, see on lahtirullimisel stabiilne ning k\u00e4sitsi rebitav.<\/p>\n","protected":false},"excerpt":{"rendered":"<p>Painduv ja m\u00fcra summutav.<br \/>\nNakkub tugevalt nii suure kui ka v\u00e4ikese nakkej\u00f5uga pindadele.<br \/>\nMugav teip, lahtirullimisel stabiilne ja k\u00e4ega rebitav.<br \/>\nH\u00f5\u00f5rdekindel.<br \/>\nTeip ei j\u00e4ta eemaldamisel j\u00e4lgi.<\/p>\n","protected":false},"featured_media":25299,"comment_status":"open","ping_status":"closed","template":"","meta":{"_acf_changed":false,"_monsterinsights_skip_tracking":false,"_monsterinsights_sitenote_active":false,"_monsterinsights_sitenote_note":"","_monsterinsights_sitenote_category":0},"pwb-brand":[],"product_brand":[],"product_cat":[274],"product_tag":[],"class_list":{"0":"post-6742","1":"product","2":"type-product","3":"status-publish","4":"has-post-thumbnail","6":"product_cat-isolatsioonimaterjalid-teibid","7":"pa_varv-must","9":"first","10":"instock","11":"taxable","12":"shipping-taxable","13":"purchasable","14":"product-type-simple"},"acf":[],"aioseo_notices":[],"jetpack_sharing_enabled":true,"brands":[],"_links":{"self":[{"href":"https:\/\/westbalt.ee\/index.php?rest_route=\/wp\/v2\/product\/6742","targetHints":{"allow":["GET"]}}],"collection":[{"href":"https:\/\/westbalt.ee\/index.php?rest_route=\/wp\/v2\/product"}],"about":[{"href":"https:\/\/westbalt.ee\/index.php?rest_route=\/wp\/v2\/types\/product"}],"replies":[{"embeddable":true,"href":"https:\/\/westbalt.ee\/index.php?rest_route=%2Fwp%2Fv2%2Fcomments&post=6742"}],"wp:featuredmedia":[{"embeddable":true,"href":"https:\/\/westbalt.ee\/index.php?rest_route=\/wp\/v2\/media\/25299"}],"wp:attachment":[{"href":"https:\/\/westbalt.ee\/index.php?rest_route=%2Fwp%2Fv2%2Fmedia&parent=6742"}],"wp:term":[{"taxonomy":"pwb-brand","embeddable":true,"href":"https:\/\/westbalt.ee\/index.php?rest_route=%2Fwp%2Fv2%2Fpwb-brand&post=6742"},{"taxonomy":"product_brand","embeddable":true,"href":"https:\/\/westbalt.ee\/index.php?rest_route=%2Fwp%2Fv2%2Fproduct_brand&post=6742"},{"taxonomy":"product_cat","embeddable":true,"href":"https:\/\/westbalt.ee\/index.php?rest_route=%2Fwp%2Fv2%2Fproduct_cat&post=6742"},{"taxonomy":"product_tag","embeddable":true,"href":"https:\/\/westbalt.ee\/index.php?rest_route=%2Fwp%2Fv2%2Fproduct_tag&post=6742"}],"curies":[{"name":"wp","href":"https:\/\/api.w.org\/{rel}","templated":true}]}}