{"id":6747,"date":"2012-10-04T14:19:42","date_gmt":"2012-10-04T11:19:42","guid":{"rendered":"https:\/\/westbalt.ee\/?post_type=product&#038;p=6747"},"modified":"2026-03-21T19:41:15","modified_gmt":"2026-03-21T16:41:15","slug":"lu48-10-duct-tape-48mmx10m","status":"publish","type":"product","link":"https:\/\/westbalt.ee\/?product=lu48-10-duct-tape-48mmx10m","title":{"rendered":"Universaalne teip 48mmx10m Extra Strong hall"},"content":{"rendered":"","protected":false},"excerpt":{"rendered":"<p>Tugevast s\u00fcnteetilise kaut\u0161ukist baasil liimiga v\u00e4ga kvaliteetne teip. Sobib mitmesugusteks remontt\u00f6\u00f6deks kodus ja t\u00f6\u00f6stuses.<br \/>\nTemperatuuritaluvus p\u00e4rast paigaldamist -10\u00b0C kuni 60\u00b0C.<br \/>\nLaius\t48mm<br \/>\nPikkus\t10m<br \/>\nPaksus\t270\u00b5m<\/p>\n","protected":false},"featured_media":6748,"comment_status":"open","ping_status":"closed","template":"","meta":{"_acf_changed":false,"_monsterinsights_skip_tracking":false,"_monsterinsights_sitenote_active":false,"_monsterinsights_sitenote_note":"","_monsterinsights_sitenote_category":0},"pwb-brand":[],"product_brand":[],"product_cat":[274],"product_tag":[],"class_list":{"0":"post-6747","1":"product","2":"type-product","3":"status-publish","4":"has-post-thumbnail","6":"product_cat-isolatsioonimaterjalid-teibid","8":"first","9":"instock","10":"taxable","11":"shipping-taxable","12":"purchasable","13":"product-type-simple"},"acf":[],"aioseo_notices":[],"jetpack_sharing_enabled":true,"brands":[],"_links":{"self":[{"href":"https:\/\/westbalt.ee\/index.php?rest_route=\/wp\/v2\/product\/6747","targetHints":{"allow":["GET"]}}],"collection":[{"href":"https:\/\/westbalt.ee\/index.php?rest_route=\/wp\/v2\/product"}],"about":[{"href":"https:\/\/westbalt.ee\/index.php?rest_route=\/wp\/v2\/types\/product"}],"replies":[{"embeddable":true,"href":"https:\/\/westbalt.ee\/index.php?rest_route=%2Fwp%2Fv2%2Fcomments&post=6747"}],"wp:featuredmedia":[{"embeddable":true,"href":"https:\/\/westbalt.ee\/index.php?rest_route=\/wp\/v2\/media\/6748"}],"wp:attachment":[{"href":"https:\/\/westbalt.ee\/index.php?rest_route=%2Fwp%2Fv2%2Fmedia&parent=6747"}],"wp:term":[{"taxonomy":"pwb-brand","embeddable":true,"href":"https:\/\/westbalt.ee\/index.php?rest_route=%2Fwp%2Fv2%2Fpwb-brand&post=6747"},{"taxonomy":"product_brand","embeddable":true,"href":"https:\/\/westbalt.ee\/index.php?rest_route=%2Fwp%2Fv2%2Fproduct_brand&post=6747"},{"taxonomy":"product_cat","embeddable":true,"href":"https:\/\/westbalt.ee\/index.php?rest_route=%2Fwp%2Fv2%2Fproduct_cat&post=6747"},{"taxonomy":"product_tag","embeddable":true,"href":"https:\/\/westbalt.ee\/index.php?rest_route=%2Fwp%2Fv2%2Fproduct_tag&post=6747"}],"curies":[{"name":"wp","href":"https:\/\/api.w.org\/{rel}","templated":true}]}}