{"id":7478,"date":"2012-10-04T18:37:10","date_gmt":"2012-10-04T15:37:10","guid":{"rendered":"https:\/\/westbalt.ee\/?post_type=product&#038;p=7478"},"modified":"2026-03-21T19:49:56","modified_gmt":"2026-03-21T16:49:56","slug":"crimping-tool-for-non-insulated-terminals-vtm504-1-5-16mm2","status":"publish","type":"product","link":"https:\/\/westbalt.ee\/?product=crimping-tool-for-non-insulated-terminals-vtm504-1-5-16mm2","title":{"rendered":"Presstangid 1,5-16mm2 kaablikingadele"},"content":{"rendered":"<p>Juhtmete ristl\u00f5ige<br \/>\n\u25d8 1,5 mm 2<br \/>\n\u25d8 2,5 mm 2<br \/>\n\u25d8 6 mm 2<br \/>\n\u25d8 10 mm 2<br \/>\n\u25d8 16 mm 2<\/p>\n","protected":false},"excerpt":{"rendered":"<ul class=\"c-specification__list\">\n<li class=\"c-specification__list-item\"><span>ergonoomilised k\u00e4epidemed<\/span><\/li>\n<li class=\"c-specification__list-item\"><span>pikemad hoovad v\u00f5imaldavad t\u00f6\u00f6tada v\u00e4iksema j\u00f5uga<\/span><\/li>\n<li class=\"c-specification__list-item\"><span>pressimise \u00f5igsuse tagab spetsiaalne p\u00f5rkmehhanism, mis v\u00f5imaldab t\u00f6\u00f6riista avada alles p\u00e4rast kogu pressimists\u00fckli l\u00f5petamist<\/span><\/li>\n<\/ul>\n","protected":false},"featured_media":26472,"comment_status":"open","ping_status":"closed","template":"","meta":{"_acf_changed":false,"_monsterinsights_skip_tracking":false,"_monsterinsights_sitenote_active":false,"_monsterinsights_sitenote_note":"","_monsterinsights_sitenote_category":0},"pwb-brand":[],"product_brand":[],"product_cat":[297],"product_tag":[],"class_list":{"0":"post-7478","1":"product","2":"type-product","3":"status-publish","4":"has-post-thumbnail","6":"product_cat-elektriku-tooriistad","8":"first","9":"onbackorder","10":"taxable","11":"shipping-taxable","12":"purchasable","13":"product-type-simple"},"acf":[],"aioseo_notices":[],"jetpack_sharing_enabled":true,"brands":[],"_links":{"self":[{"href":"https:\/\/westbalt.ee\/index.php?rest_route=\/wp\/v2\/product\/7478","targetHints":{"allow":["GET"]}}],"collection":[{"href":"https:\/\/westbalt.ee\/index.php?rest_route=\/wp\/v2\/product"}],"about":[{"href":"https:\/\/westbalt.ee\/index.php?rest_route=\/wp\/v2\/types\/product"}],"replies":[{"embeddable":true,"href":"https:\/\/westbalt.ee\/index.php?rest_route=%2Fwp%2Fv2%2Fcomments&post=7478"}],"wp:featuredmedia":[{"embeddable":true,"href":"https:\/\/westbalt.ee\/index.php?rest_route=\/wp\/v2\/media\/26472"}],"wp:attachment":[{"href":"https:\/\/westbalt.ee\/index.php?rest_route=%2Fwp%2Fv2%2Fmedia&parent=7478"}],"wp:term":[{"taxonomy":"pwb-brand","embeddable":true,"href":"https:\/\/westbalt.ee\/index.php?rest_route=%2Fwp%2Fv2%2Fpwb-brand&post=7478"},{"taxonomy":"product_brand","embeddable":true,"href":"https:\/\/westbalt.ee\/index.php?rest_route=%2Fwp%2Fv2%2Fproduct_brand&post=7478"},{"taxonomy":"product_cat","embeddable":true,"href":"https:\/\/westbalt.ee\/index.php?rest_route=%2Fwp%2Fv2%2Fproduct_cat&post=7478"},{"taxonomy":"product_tag","embeddable":true,"href":"https:\/\/westbalt.ee\/index.php?rest_route=%2Fwp%2Fv2%2Fproduct_tag&post=7478"}],"curies":[{"name":"wp","href":"https:\/\/api.w.org\/{rel}","templated":true}]}}