{"id":7657,"date":"2012-10-04T19:44:52","date_gmt":"2012-10-04T16:44:52","guid":{"rendered":"https:\/\/westbalt.ee\/?post_type=product&#038;p=7657"},"modified":"2026-03-21T19:46:05","modified_gmt":"2026-03-21T16:46:05","slug":"kilbilukk-hek-hev-2-v-tit","status":"publish","type":"product","link":"https:\/\/westbalt.ee\/?product=kilbilukk-hek-hev-2-v-tit","title":{"rendered":"Kilbilukk IEK 18-20\/40"},"content":{"rendered":"","protected":false},"excerpt":{"rendered":"<p>Valmistatud kroomitud terasest. <\/span><span>Metallist v\u00f5tmed, nikeldatud.<br \/>\nS\u00fcgavus:\t32,5 mm<br \/>\nPaigaldusava l\u00e4bim\u00f5\u00f5t:\t18,0 mm<br \/>\nV\u00e4lisl\u00e4bim\u00f5\u00f5t:\t22,0 mm<\/p>\n","protected":false},"featured_media":24828,"comment_status":"open","ping_status":"closed","template":"","meta":{"_acf_changed":false,"_monsterinsights_skip_tracking":false,"_monsterinsights_sitenote_active":false,"_monsterinsights_sitenote_note":"","_monsterinsights_sitenote_category":0},"pwb-brand":[2421],"product_brand":[],"product_cat":[268],"product_tag":[],"class_list":{"0":"post-7657","1":"product","2":"type-product","3":"status-publish","4":"has-post-thumbnail","6":"pwb-brand-iek","7":"product_cat-lisatarvikud","9":"first","10":"onbackorder","11":"taxable","12":"shipping-taxable","13":"purchasable","14":"product-type-simple"},"acf":[],"aioseo_notices":[],"jetpack_sharing_enabled":true,"brands":[{"id":2421,"name":"IEK","slug":"iek"}],"_links":{"self":[{"href":"https:\/\/westbalt.ee\/index.php?rest_route=\/wp\/v2\/product\/7657","targetHints":{"allow":["GET"]}}],"collection":[{"href":"https:\/\/westbalt.ee\/index.php?rest_route=\/wp\/v2\/product"}],"about":[{"href":"https:\/\/westbalt.ee\/index.php?rest_route=\/wp\/v2\/types\/product"}],"replies":[{"embeddable":true,"href":"https:\/\/westbalt.ee\/index.php?rest_route=%2Fwp%2Fv2%2Fcomments&post=7657"}],"wp:featuredmedia":[{"embeddable":true,"href":"https:\/\/westbalt.ee\/index.php?rest_route=\/wp\/v2\/media\/24828"}],"wp:attachment":[{"href":"https:\/\/westbalt.ee\/index.php?rest_route=%2Fwp%2Fv2%2Fmedia&parent=7657"}],"wp:term":[{"taxonomy":"pwb-brand","embeddable":true,"href":"https:\/\/westbalt.ee\/index.php?rest_route=%2Fwp%2Fv2%2Fpwb-brand&post=7657"},{"taxonomy":"product_brand","embeddable":true,"href":"https:\/\/westbalt.ee\/index.php?rest_route=%2Fwp%2Fv2%2Fproduct_brand&post=7657"},{"taxonomy":"product_cat","embeddable":true,"href":"https:\/\/westbalt.ee\/index.php?rest_route=%2Fwp%2Fv2%2Fproduct_cat&post=7657"},{"taxonomy":"product_tag","embeddable":true,"href":"https:\/\/westbalt.ee\/index.php?rest_route=%2Fwp%2Fv2%2Fproduct_tag&post=7657"}],"curies":[{"name":"wp","href":"https:\/\/api.w.org\/{rel}","templated":true}]}}