{"id":7857,"date":"2012-10-05T05:54:18","date_gmt":"2012-10-05T02:54:18","guid":{"rendered":"https:\/\/westbalt.ee\/?post_type=product&#038;p=7857"},"modified":"2026-03-21T19:52:57","modified_gmt":"2026-03-21T16:52:57","slug":"prf-7-78-220-kontakti-maardeaine-220ml","status":"publish","type":"product","link":"https:\/\/westbalt.ee\/?product=prf-7-78-220-kontakti-maardeaine-220ml","title":{"rendered":"PRF 7-78\/220 Kontakti m\u00e4\u00e4rdeaine, 220ml"},"content":{"rendered":"<p>&#8211;<\/p>\n","protected":false},"excerpt":{"rendered":"<p>V\u00f5idiv m\u00e4\u00e4rde\u00f5li tundlikele seadmetele.<br \/>\nKasutuskohad: peenmehhaanika, koopiamasinad, printerid jne<br \/>\nEi juhi elektrit.<\/p>\n","protected":false},"featured_media":7858,"comment_status":"open","ping_status":"open","template":"","meta":{"_acf_changed":false,"_monsterinsights_skip_tracking":false,"_monsterinsights_sitenote_active":false,"_monsterinsights_sitenote_note":"","_monsterinsights_sitenote_category":0},"pwb-brand":[2426],"product_brand":[],"product_cat":[344],"product_tag":[],"class_list":{"0":"post-7857","1":"product","2":"type-product","3":"status-publish","4":"has-post-thumbnail","6":"pwb-brand-taerosol","7":"product_cat-puhastusvahendid","8":"pa_varv-labipaistev","10":"first","11":"onbackorder","12":"taxable","13":"shipping-taxable","14":"purchasable","15":"product-type-simple"},"acf":[],"aioseo_notices":[],"jetpack_sharing_enabled":true,"brands":[{"id":2426,"name":"TAEROSOL","slug":"taerosol"}],"_links":{"self":[{"href":"https:\/\/westbalt.ee\/index.php?rest_route=\/wp\/v2\/product\/7857","targetHints":{"allow":["GET"]}}],"collection":[{"href":"https:\/\/westbalt.ee\/index.php?rest_route=\/wp\/v2\/product"}],"about":[{"href":"https:\/\/westbalt.ee\/index.php?rest_route=\/wp\/v2\/types\/product"}],"replies":[{"embeddable":true,"href":"https:\/\/westbalt.ee\/index.php?rest_route=%2Fwp%2Fv2%2Fcomments&post=7857"}],"wp:featuredmedia":[{"embeddable":true,"href":"https:\/\/westbalt.ee\/index.php?rest_route=\/wp\/v2\/media\/7858"}],"wp:attachment":[{"href":"https:\/\/westbalt.ee\/index.php?rest_route=%2Fwp%2Fv2%2Fmedia&parent=7857"}],"wp:term":[{"taxonomy":"pwb-brand","embeddable":true,"href":"https:\/\/westbalt.ee\/index.php?rest_route=%2Fwp%2Fv2%2Fpwb-brand&post=7857"},{"taxonomy":"product_brand","embeddable":true,"href":"https:\/\/westbalt.ee\/index.php?rest_route=%2Fwp%2Fv2%2Fproduct_brand&post=7857"},{"taxonomy":"product_cat","embeddable":true,"href":"https:\/\/westbalt.ee\/index.php?rest_route=%2Fwp%2Fv2%2Fproduct_cat&post=7857"},{"taxonomy":"product_tag","embeddable":true,"href":"https:\/\/westbalt.ee\/index.php?rest_route=%2Fwp%2Fv2%2Fproduct_tag&post=7857"}],"curies":[{"name":"wp","href":"https:\/\/api.w.org\/{rel}","templated":true}]}}