{"id":7950,"date":"2012-10-05T06:46:45","date_gmt":"2012-10-05T03:46:45","guid":{"rendered":"https:\/\/westbalt.ee\/?post_type=product&#038;p=7950"},"modified":"2026-03-21T19:48:35","modified_gmt":"2026-03-21T16:48:35","slug":"multimeeter-yx-360trn-analoog","status":"publish","type":"product","link":"https:\/\/westbalt.ee\/?product=multimeeter-yx-360trn-analoog","title":{"rendered":"Multimeeter AX-7020 analoog"},"content":{"rendered":"","protected":false},"excerpt":{"rendered":"<table class=\"c-pip__specification-table c-specification-table\">\n<tbody>\n<tr class=\"c-specification-table__tr\">\n<td class=\"c-specification-table__td c-specification-table__td--first last\"><label id=\"param_3293\"><span>Alalisvoolu pinge m\u00f5\u00f5tepiirkond<\/span><\/label><\/td>\n<td class=\"c-specification-table__td c-specification-table__td--middle last\">\n<div class=\"c-specification-table__params\"><span>100 mV \/<\/span><span>500 mV \/<\/span><span>2,5 V \/<\/span><span>10V \/<\/span><span>50V \/<\/span><span>250V \/<\/span><span>500 V<\/span><\/div>\n<\/td>\n<td class=\"c-specification-table__td c-specification-table__td--last\"><label class=\"rd-checkbox-container\"><input class=\"similar-options\" name=\"\" type=\"checkbox\" value=\"1\" data-parameter=\"3293\" data-value=\"1852240\" \/><\/label><\/td>\n<\/tr>\n<tr class=\"c-specification-table__tr  c-specification-table__tr--odd odd\">\n<td class=\"c-specification-table__td c-specification-table__td--first last\"><label id=\"param_1788\"><span>Alalisvoolu pinge m\u00f5\u00f5tmise t\u00e4psus<\/span><\/label><\/td>\n<td class=\"c-specification-table__td c-specification-table__td--middle last\">\n<div class=\"c-specification-table__params\">\u00b13%<\/div>\n<\/td>\n<td class=\"c-specification-table__td c-specification-table__td--last\"><label class=\"rd-checkbox-container\"><input class=\"similar-options\" name=\"\" type=\"checkbox\" value=\"1\" data-parameter=\"1788\" data-value=\"1476748\" \/><\/label><\/td>\n<\/tr>\n<tr class=\"c-specification-table__tr\">\n<td class=\"c-specification-table__td c-specification-table__td--first last\"><label id=\"param_3294\"><span>Vahelduvpinge m\u00f5\u00f5tepiirkond<\/span><\/label><\/td>\n<td class=\"c-specification-table__td c-specification-table__td--middle last\">\n<div class=\"c-specification-table__params\"><span>10V \/<\/span><span>50V \/<\/span><span>250V \/<\/span><span>500 V<\/span><\/div>\n<\/td>\n<td class=\"c-specification-table__td c-specification-table__td--last\"><label class=\"rd-checkbox-container\"><input class=\"similar-options\" name=\"\" type=\"checkbox\" value=\"1\" data-parameter=\"3294\" data-value=\"1852541\" \/><\/label><\/td>\n<\/tr>\n<tr class=\"c-specification-table__tr  c-specification-table__tr--odd odd\">\n<td class=\"c-specification-table__td c-specification-table__td--first last\"><label id=\"param_1791\"><span>Vahelduvpinge m\u00f5\u00f5tmise t\u00e4psus<\/span><\/label><\/td>\n<td class=\"c-specification-table__td c-specification-table__td--middle last\">\n<div class=\"c-specification-table__params\">\u00b14%<\/div>\n<\/td>\n<td class=\"c-specification-table__td c-specification-table__td--last\"><label class=\"rd-checkbox-container\"><input class=\"similar-options\" name=\"\" type=\"checkbox\" value=\"1\" data-parameter=\"1791\" data-value=\"1693759\" \/><\/label><\/td>\n<\/tr>\n<tr class=\"c-specification-table__tr\">\n<td class=\"c-specification-table__td c-specification-table__td--first last\"><label id=\"param_3292\"><span>Alalisvoolu m\u00f5\u00f5tepiirkond<\/span><\/label><\/td>\n<td class=\"c-specification-table__td c-specification-table__td--middle last\">\n<div class=\"c-specification-table__params\"><span>50\u00b5A \/<\/span><span>2,5 mA \/<\/span><span>25mA \/<\/span><span>250mA \/<\/span><span>10A<\/span><\/div>\n<\/td>\n<td class=\"c-specification-table__td c-specification-table__td--last\"><label class=\"rd-checkbox-container\"><input class=\"similar-options\" name=\"\" type=\"checkbox\" value=\"1\" data-parameter=\"3292\" data-value=\"1851739\" \/><\/label><\/td>\n<\/tr>\n<tr class=\"c-specification-table__tr  c-specification-table__tr--odd odd\">\n<td class=\"c-specification-table__td c-specification-table__td--first last\"><label id=\"param_1795\"><span>Alalisvoolu m\u00f5\u00f5tmise t\u00e4psus<\/span><\/label><\/td>\n<td class=\"c-specification-table__td c-specification-table__td--middle last\">\n<div class=\"c-specification-table__params\">\u00b13%<\/div>\n<\/td>\n<td class=\"c-specification-table__td c-specification-table__td--last\"><label class=\"rd-checkbox-container\"><input class=\"similar-options\" name=\"\" type=\"checkbox\" value=\"1\" data-parameter=\"1795\" data-value=\"1528305\" \/><\/label><\/td>\n<\/tr>\n<tr class=\"c-specification-table__tr\">\n<td class=\"c-specification-table__td c-specification-table__td--first last\"><label id=\"param_1800\"><span>Takistuse m\u00f5\u00f5tmise t\u00e4psus<\/span><\/label><\/td>\n<td class=\"c-specification-table__td c-specification-table__td--middle last\">\n<div class=\"c-specification-table__params\"><span>\u00b13%<\/span><\/div>\n<\/td>\n<td class=\"c-specification-table__td c-specification-table__td--last\"><label class=\"rd-checkbox-container\"><input class=\"similar-options\" name=\"\" type=\"checkbox\" value=\"1\" data-parameter=\"1800\" data-value=\"1476754\" \/><\/label><\/td>\n<\/tr>\n<tr class=\"c-specification-table__tr  c-specification-table__tr--odd odd\">\n<td class=\"c-specification-table__td c-specification-table__td--first last\"><label id=\"param_1811\"><span>Dioodi test<\/span><\/label><\/td>\n<td class=\"c-specification-table__td c-specification-table__td--middle last\">\n<div class=\"c-specification-table__params\"><span>jah<\/span><\/div>\n<\/td>\n<td class=\"c-specification-table__td c-specification-table__td--last\"><label class=\"rd-checkbox-container\"><input class=\"similar-options\" name=\"\" type=\"checkbox\" value=\"1\" data-parameter=\"1811\" data-value=\"1628333\" \/><\/label><\/td>\n<\/tr>\n<tr class=\"c-specification-table__tr\">\n<td class=\"c-specification-table__td c-specification-table__td--first last\"><label id=\"param_1812\"><span>J\u00e4rjepidevuse test<\/span><\/label><\/td>\n<td class=\"c-specification-table__td c-specification-table__td--middle last\">\n<div class=\"c-specification-table__params\"><span>helisignaal R &lt;100\u03a9 jaoks<\/span><\/div>\n<\/td>\n<td class=\"c-specification-table__td c-specification-table__td--last\"><label class=\"rd-checkbox-container\"><input class=\"similar-options\" name=\"\" type=\"checkbox\" value=\"1\" data-parameter=\"1812\" data-value=\"1466000\" \/><\/label><\/td>\n<\/tr>\n<tr class=\"c-specification-table__tr  c-specification-table__tr--odd odd\">\n<td class=\"c-specification-table__td c-specification-table__td--first last\"><label id=\"param_1789\"><span>Sisendtakistus alalispinge m\u00f5\u00f5tmiseks<\/span><\/label><\/td>\n<td class=\"c-specification-table__td c-specification-table__td--middle last\">\n<div class=\"c-specification-table__params\"><span>20 k\u03a9 \/ V<\/span><\/div>\n<\/td>\n<td class=\"c-specification-table__td c-specification-table__td--last\"><label class=\"rd-checkbox-container\"><input class=\"similar-options\" name=\"\" type=\"checkbox\" value=\"1\" data-parameter=\"1789\" data-value=\"1693762\" \/><\/label><\/td>\n<\/tr>\n<tr class=\"c-specification-table__tr\">\n<td class=\"c-specification-table__td c-specification-table__td--first last\"><label id=\"param_1793\"><span>Sisendtakistus vahelduvpinge jaoks<\/span><\/label><\/td>\n<td class=\"c-specification-table__td c-specification-table__td--middle last\">\n<div class=\"c-specification-table__params\"><span>9k\u03a9 \/ V<\/span><\/div>\n<\/td>\n<td class=\"c-specification-table__td c-specification-table__td--last\"><label class=\"rd-checkbox-container\"><input class=\"similar-options\" name=\"\" type=\"checkbox\" value=\"1\" data-parameter=\"1793\" data-value=\"1693763\" \/><\/label><\/td>\n<\/tr>\n<tr class=\"c-specification-table__tr  c-specification-table__tr--odd odd\">\n<td class=\"c-specification-table__td c-specification-table__td--first last\"><label id=\"param_2950\"><span>M\u00f5\u00f5tmine<\/span><\/label><\/td>\n<td class=\"c-specification-table__td c-specification-table__td--middle last\">\n<div class=\"c-specification-table__params\"><span>Vahelduvpinge, \u00a0<\/span><span>dB, \u00a0<\/span><span>Alalisvool, \u00a0<\/span><span>Alalispinge, \u00a0<\/span><span>Takistus<\/span><\/div>\n<\/td>\n<td class=\"c-specification-table__td c-specification-table__td--last\"><label class=\"rd-checkbox-container\"><input class=\"similar-options\" name=\"\" type=\"checkbox\" value=\"1\" data-parameter=\"2950\" data-value=\"1628481\" \/><\/label><\/td>\n<\/tr>\n<tr class=\"c-specification-table__tr\">\n<td class=\"c-specification-table__td c-specification-table__td--first last\"><label id=\"param_436\"><span>Vastab normile<\/span><\/label><\/td>\n<td class=\"c-specification-table__td c-specification-table__td--middle last\">\n<div class=\"c-specification-table__params\"><span>EN61010 600V CAT III<\/span><\/div>\n<\/td>\n<td class=\"c-specification-table__td c-specification-table__td--last\"><label class=\"rd-checkbox-container\"><input class=\"similar-options\" name=\"\" type=\"checkbox\" value=\"1\" data-parameter=\"436\" data-value=\"1465858\" \/><\/label><\/td>\n<\/tr>\n<tr class=\"c-specification-table__tr  c-specification-table__tr--odd odd\">\n<td class=\"c-specification-table__td c-specification-table__td--first last\"><label id=\"param_3286\"><span>Takistuse m\u00f5\u00f5tmise vahemik<\/span><\/label><\/td>\n<td class=\"c-specification-table__td c-specification-table__td--middle last\">\n<div class=\"c-specification-table__params\"><span>2k\u03a9 \/<\/span><span>20 k\u03a9 \/<\/span><span>200 k\u03a9 \/<\/span><span>2M\u03a9 \/<\/span><span>20M\u03a9<\/span><\/div>\n<\/td>\n<\/tr>\n<\/tbody>\n<\/table>\n","protected":false},"featured_media":24753,"comment_status":"open","ping_status":"closed","template":"","meta":{"_acf_changed":false,"_monsterinsights_skip_tracking":false,"_monsterinsights_sitenote_active":false,"_monsterinsights_sitenote_note":"","_monsterinsights_sitenote_category":0},"pwb-brand":[],"product_brand":[],"product_cat":[302],"product_tag":[],"class_list":{"0":"post-7950","1":"product","2":"type-product","3":"status-publish","4":"has-post-thumbnail","6":"product_cat-multimeetrid","8":"first","9":"onbackorder","10":"taxable","11":"shipping-taxable","12":"purchasable","13":"product-type-simple"},"acf":[],"aioseo_notices":[],"jetpack_sharing_enabled":true,"brands":[],"_links":{"self":[{"href":"https:\/\/westbalt.ee\/index.php?rest_route=\/wp\/v2\/product\/7950","targetHints":{"allow":["GET"]}}],"collection":[{"href":"https:\/\/westbalt.ee\/index.php?rest_route=\/wp\/v2\/product"}],"about":[{"href":"https:\/\/westbalt.ee\/index.php?rest_route=\/wp\/v2\/types\/product"}],"replies":[{"embeddable":true,"href":"https:\/\/westbalt.ee\/index.php?rest_route=%2Fwp%2Fv2%2Fcomments&post=7950"}],"wp:featuredmedia":[{"embeddable":true,"href":"https:\/\/westbalt.ee\/index.php?rest_route=\/wp\/v2\/media\/24753"}],"wp:attachment":[{"href":"https:\/\/westbalt.ee\/index.php?rest_route=%2Fwp%2Fv2%2Fmedia&parent=7950"}],"wp:term":[{"taxonomy":"pwb-brand","embeddable":true,"href":"https:\/\/westbalt.ee\/index.php?rest_route=%2Fwp%2Fv2%2Fpwb-brand&post=7950"},{"taxonomy":"product_brand","embeddable":true,"href":"https:\/\/westbalt.ee\/index.php?rest_route=%2Fwp%2Fv2%2Fproduct_brand&post=7950"},{"taxonomy":"product_cat","embeddable":true,"href":"https:\/\/westbalt.ee\/index.php?rest_route=%2Fwp%2Fv2%2Fproduct_cat&post=7950"},{"taxonomy":"product_tag","embeddable":true,"href":"https:\/\/westbalt.ee\/index.php?rest_route=%2Fwp%2Fv2%2Fproduct_tag&post=7950"}],"curies":[{"name":"wp","href":"https:\/\/api.w.org\/{rel}","templated":true}]}}