{"id":8042,"date":"2012-10-05T09:12:19","date_gmt":"2012-10-05T06:12:19","guid":{"rendered":"https:\/\/westbalt.ee\/?post_type=product&#038;p=8042"},"modified":"2026-03-21T19:54:12","modified_gmt":"2026-03-21T16:54:12","slug":"toiteplokk-0-30v-0-3a-uni-t-utp3313tfl","status":"publish","type":"product","link":"https:\/\/westbalt.ee\/?product=toiteplokk-0-30v-0-3a-uni-t-utp3313tfl","title":{"rendered":"Toiteplokk 0-30V\/0-3A UNI-T UTP3313TFL"},"content":{"rendered":"<p>&#8211;<\/p>\n","protected":false},"excerpt":{"rendered":"<p>\u2022 V\u00e4ljundpinge 0 ~ 30V<br \/>\n\u2022 V\u00e4ljundvool 0 ~ 3A<br \/>\n\u2022 M\u00fcra \u22640.3mVrms<br \/>\n\u2022 LED-ekraan n\u00e4itab pinge ja voolu v\u00e4\u00e4rtused<br \/>\n\u2022 Sisendpinge: 110VAC \/ 220VAC; Sagedus: 40 Hz ~ 60 Hz<br \/>\n\u2022 Komplektis: toitejuhe, karp, inglisekeelne kasutusjuhend.<\/p>\n","protected":false},"featured_media":8043,"comment_status":"open","ping_status":"open","template":"","meta":{"_acf_changed":false,"_monsterinsights_skip_tracking":false,"_monsterinsights_sitenote_active":false,"_monsterinsights_sitenote_note":"","_monsterinsights_sitenote_category":0},"pwb-brand":[2409],"product_brand":[],"product_cat":[321],"product_tag":[],"class_list":{"0":"post-8042","1":"product","2":"type-product","3":"status-publish","4":"has-post-thumbnail","6":"pwb-brand-uni-t","7":"product_cat-labori-toiteplokid","8":"pa_m-dud-105mm-160mm-240mm","10":"first","11":"instock","12":"taxable","13":"shipping-taxable","14":"purchasable","15":"product-type-simple"},"acf":[],"aioseo_notices":[],"jetpack_sharing_enabled":true,"brands":[{"id":2409,"name":"UNI-T","slug":"uni-t"}],"_links":{"self":[{"href":"https:\/\/westbalt.ee\/index.php?rest_route=\/wp\/v2\/product\/8042","targetHints":{"allow":["GET"]}}],"collection":[{"href":"https:\/\/westbalt.ee\/index.php?rest_route=\/wp\/v2\/product"}],"about":[{"href":"https:\/\/westbalt.ee\/index.php?rest_route=\/wp\/v2\/types\/product"}],"replies":[{"embeddable":true,"href":"https:\/\/westbalt.ee\/index.php?rest_route=%2Fwp%2Fv2%2Fcomments&post=8042"}],"wp:featuredmedia":[{"embeddable":true,"href":"https:\/\/westbalt.ee\/index.php?rest_route=\/wp\/v2\/media\/8043"}],"wp:attachment":[{"href":"https:\/\/westbalt.ee\/index.php?rest_route=%2Fwp%2Fv2%2Fmedia&parent=8042"}],"wp:term":[{"taxonomy":"pwb-brand","embeddable":true,"href":"https:\/\/westbalt.ee\/index.php?rest_route=%2Fwp%2Fv2%2Fpwb-brand&post=8042"},{"taxonomy":"product_brand","embeddable":true,"href":"https:\/\/westbalt.ee\/index.php?rest_route=%2Fwp%2Fv2%2Fproduct_brand&post=8042"},{"taxonomy":"product_cat","embeddable":true,"href":"https:\/\/westbalt.ee\/index.php?rest_route=%2Fwp%2Fv2%2Fproduct_cat&post=8042"},{"taxonomy":"product_tag","embeddable":true,"href":"https:\/\/westbalt.ee\/index.php?rest_route=%2Fwp%2Fv2%2Fproduct_tag&post=8042"}],"curies":[{"name":"wp","href":"https:\/\/api.w.org\/{rel}","templated":true}]}}