{"id":8098,"date":"2012-10-05T09:32:36","date_gmt":"2012-10-05T06:32:36","guid":{"rendered":"https:\/\/westbalt.ee\/?post_type=product&#038;p=8098"},"modified":"2026-03-21T19:48:03","modified_gmt":"2026-03-21T16:48:03","slug":"power-supply-24v-2-5a-60w-s60w24","status":"publish","type":"product","link":"https:\/\/westbalt.ee\/?product=power-supply-24v-2-5a-60w-s60w24","title":{"rendered":"Toiteplokk DIN-liistule 24V\/2.5A 60W"},"content":{"rendered":"<p>&#8211;<\/p>\n","protected":false},"excerpt":{"rendered":"<p>V\u00f5imsus:\t60W<br \/>\nV\u00e4ljundpinge:\t24V DC<br \/>\nV\u00e4ljundpinge vahemik:\t21,6&#8230;29V DC<br \/>\nV\u00e4ljundvool:\t2,5A<br \/>\nElektri\u00fchendus:\tkruviklemm<br \/>\nT\u00f6\u00f6temperatuur\t-30&#8230;70\u00b0C<br \/>\nKaitse: \t\u00fclekoormusvastane OPP,  \u00fclepingekaitse OVP,  l\u00fchisekaitse SCP<br \/>\nEnergiatarve ilma koormuseta\t<0,3W\n<\/p>\n","protected":false},"featured_media":20706,"comment_status":"open","ping_status":"closed","template":"","meta":{"_acf_changed":false,"_monsterinsights_skip_tracking":false,"_monsterinsights_sitenote_active":false,"_monsterinsights_sitenote_note":"","_monsterinsights_sitenote_category":0},"pwb-brand":[2430],"product_brand":[],"product_cat":[315],"product_tag":[],"class_list":{"0":"post-8098","1":"product","2":"type-product","3":"status-publish","4":"has-post-thumbnail","6":"pwb-brand-mean-well","7":"product_cat-toostuslikud-toiteplokid","9":"first","10":"onbackorder","11":"featured","12":"taxable","13":"shipping-taxable","14":"purchasable","15":"product-type-simple"},"acf":[],"aioseo_notices":[],"jetpack_sharing_enabled":true,"brands":[{"id":2430,"name":"MEAN WELL","slug":"mean-well"}],"_links":{"self":[{"href":"https:\/\/westbalt.ee\/index.php?rest_route=\/wp\/v2\/product\/8098","targetHints":{"allow":["GET"]}}],"collection":[{"href":"https:\/\/westbalt.ee\/index.php?rest_route=\/wp\/v2\/product"}],"about":[{"href":"https:\/\/westbalt.ee\/index.php?rest_route=\/wp\/v2\/types\/product"}],"replies":[{"embeddable":true,"href":"https:\/\/westbalt.ee\/index.php?rest_route=%2Fwp%2Fv2%2Fcomments&post=8098"}],"wp:featuredmedia":[{"embeddable":true,"href":"https:\/\/westbalt.ee\/index.php?rest_route=\/wp\/v2\/media\/20706"}],"wp:attachment":[{"href":"https:\/\/westbalt.ee\/index.php?rest_route=%2Fwp%2Fv2%2Fmedia&parent=8098"}],"wp:term":[{"taxonomy":"pwb-brand","embeddable":true,"href":"https:\/\/westbalt.ee\/index.php?rest_route=%2Fwp%2Fv2%2Fpwb-brand&post=8098"},{"taxonomy":"product_brand","embeddable":true,"href":"https:\/\/westbalt.ee\/index.php?rest_route=%2Fwp%2Fv2%2Fproduct_brand&post=8098"},{"taxonomy":"product_cat","embeddable":true,"href":"https:\/\/westbalt.ee\/index.php?rest_route=%2Fwp%2Fv2%2Fproduct_cat&post=8098"},{"taxonomy":"product_tag","embeddable":true,"href":"https:\/\/westbalt.ee\/index.php?rest_route=%2Fwp%2Fv2%2Fproduct_tag&post=8098"}],"curies":[{"name":"wp","href":"https:\/\/api.w.org\/{rel}","templated":true}]}}