{"id":8677,"date":"2012-10-05T14:42:08","date_gmt":"2012-10-05T11:42:08","guid":{"rendered":"https:\/\/westbalt.ee\/?post_type=product&#038;p=8677"},"modified":"2026-03-21T19:50:13","modified_gmt":"2026-03-21T16:50:13","slug":"laserlood-levelpro-4","status":"publish","type":"product","link":"https:\/\/westbalt.ee\/?product=laserlood-levelpro-4","title":{"rendered":"Laserlood UNI-T LM570R-I ristjoon 15-30m"},"content":{"rendered":"<p>Nivelleerimise t\u00e4psus: \u00b1 3 mm \/ 10 m<br \/>\nIsetasandumise vahemik: 3 \u00b0 \u00b1 1 \u00b0<br \/>\nIsetasandumise aeg: 3 s<br \/>\nT\u00f6\u00f6kaugus (joon): 15 &#8211; 30 m<br \/>\nLaiendatud nurk: H110 \u00b0 \/ V110 \u00b0<br \/>\nLaseri t\u00fc\u00fcp: 1V1H<br \/>\nLaseri klass: 2<br \/>\nValgusallikas: 10 mW<br \/>\nLaseri lainepikkus: 635 nm<br \/>\nT\u00f6\u00f6aeg \uff1e 12h (k\u00f5ik laserid sees)<br \/>\nToide: 2 AA (LR6) patareid (kaasas)<\/p>\n","protected":false},"excerpt":{"rendered":"<p>Isetasanduv ristlaser LM570R on k\u00e4ep\u00e4rane ehituses kasutatav t\u00f6\u00f6riist \u2013 ideaalne horisontaalseks ja vertikaalseks nivelleerimiseks t\u00f6\u00f6ulatusega kuni 15-30 meetrit.<\/p>\n","protected":false},"featured_media":30223,"comment_status":"open","ping_status":"closed","template":"","meta":{"_acf_changed":false,"_monsterinsights_skip_tracking":false,"_monsterinsights_sitenote_active":false,"_monsterinsights_sitenote_note":"","_monsterinsights_sitenote_category":0},"pwb-brand":[2409],"product_brand":[],"product_cat":[309],"product_tag":[],"class_list":{"0":"post-8677","1":"product","2":"type-product","3":"status-publish","4":"has-post-thumbnail","6":"pwb-brand-uni-t","7":"product_cat-kasitooriistad","9":"first","10":"instock","11":"taxable","12":"shipping-taxable","13":"purchasable","14":"product-type-simple"},"acf":[],"aioseo_notices":[],"jetpack_sharing_enabled":true,"brands":[{"id":2409,"name":"UNI-T","slug":"uni-t"}],"_links":{"self":[{"href":"https:\/\/westbalt.ee\/index.php?rest_route=\/wp\/v2\/product\/8677","targetHints":{"allow":["GET"]}}],"collection":[{"href":"https:\/\/westbalt.ee\/index.php?rest_route=\/wp\/v2\/product"}],"about":[{"href":"https:\/\/westbalt.ee\/index.php?rest_route=\/wp\/v2\/types\/product"}],"replies":[{"embeddable":true,"href":"https:\/\/westbalt.ee\/index.php?rest_route=%2Fwp%2Fv2%2Fcomments&post=8677"}],"wp:featuredmedia":[{"embeddable":true,"href":"https:\/\/westbalt.ee\/index.php?rest_route=\/wp\/v2\/media\/30223"}],"wp:attachment":[{"href":"https:\/\/westbalt.ee\/index.php?rest_route=%2Fwp%2Fv2%2Fmedia&parent=8677"}],"wp:term":[{"taxonomy":"pwb-brand","embeddable":true,"href":"https:\/\/westbalt.ee\/index.php?rest_route=%2Fwp%2Fv2%2Fpwb-brand&post=8677"},{"taxonomy":"product_brand","embeddable":true,"href":"https:\/\/westbalt.ee\/index.php?rest_route=%2Fwp%2Fv2%2Fproduct_brand&post=8677"},{"taxonomy":"product_cat","embeddable":true,"href":"https:\/\/westbalt.ee\/index.php?rest_route=%2Fwp%2Fv2%2Fproduct_cat&post=8677"},{"taxonomy":"product_tag","embeddable":true,"href":"https:\/\/westbalt.ee\/index.php?rest_route=%2Fwp%2Fv2%2Fproduct_tag&post=8677"}],"curies":[{"name":"wp","href":"https:\/\/api.w.org\/{rel}","templated":true}]}}