{"id":8695,"date":"2012-10-05T14:48:33","date_gmt":"2012-10-05T11:48:33","guid":{"rendered":"https:\/\/westbalt.ee\/?post_type=product&#038;p=8695"},"modified":"2026-03-21T19:53:32","modified_gmt":"2026-03-21T16:53:32","slug":"multimeeter-m830d","status":"publish","type":"product","link":"https:\/\/westbalt.ee\/?product=multimeeter-m830d","title":{"rendered":"Multimeeter M838 IEK"},"content":{"rendered":"<table>\n<tbody>\n<tr>\n<td><strong>Max vahelduvpinge m\u00f5\u00f5tepiirkond:<\/strong><\/td>\n<td>750\u00a0V<\/td>\n<\/tr>\n<tr>\n<td><strong>Vahelduvpinge minimaalne t\u00e4hendus:<\/strong><\/td>\n<td>100 mV<\/td>\n<\/tr>\n<tr>\n<td><strong>Max alalispinge m\u00f5\u00f5tepiirkond:<\/strong><\/td>\n<td>1000\u00a0V<\/td>\n<\/tr>\n<tr>\n<td><strong>Max alalisvoolu m\u00f5\u00f5tepiirkond:<\/strong><\/td>\n<td>10,0\u00a0A<\/td>\n<\/tr>\n<tr>\n<td><strong>\u00dclekoormuskaitse:<\/strong><\/td>\n<td>Jah<\/td>\n<\/tr>\n<tr>\n<td><strong>Kaitseaste \u2013 IP:<\/strong><\/td>\n<td>IP20<\/td>\n<\/tr>\n<tr>\n<td><strong>T\u00f6\u00f6temperatuur:<\/strong><\/td>\n<td>0&#8230;+40\u00a0\u00b0C<\/td>\n<\/tr>\n<tr>\n<td><strong>Ekraani maksimaalne n\u00e4it:<\/strong><\/td>\n<td>1999<\/td>\n<\/tr>\n<tr>\n<td><strong>Toitepinge:<\/strong><\/td>\n<td>9\u00a0V<\/td>\n<\/tr>\n<tr>\n<td><strong>Dioodi testimisvahemik:<\/strong><\/td>\n<td>2,8 V \/ 1 mA<\/td>\n<\/tr>\n<tr>\n<td><strong>hFE transistori testimisvahemik:<\/strong><\/td>\n<td>0&#8230;1000<\/td>\n<\/tr>\n<tr>\n<td><strong>Takistuse m\u00f5\u00f5tmise vahemik:<\/strong><\/td>\n<td>200 oomi&#8230; 2000 oomi&#8230; 20 kOhm&#8230; 200 kOhm&#8230; 2000 kOhm<\/td>\n<\/tr>\n<tr>\n<td><strong>Temperatuuri m\u00f5\u00f5tmise vahemik:<\/strong><\/td>\n<td>-20&#8230;+1370\u00a0\u00b0C<\/td>\n<\/tr>\n<tr>\n<td><strong>Eluaeg:<\/strong><\/td>\n<td>10 aastat<\/td>\n<\/tr>\n<\/tbody>\n<\/table>\n","protected":false},"excerpt":{"rendered":"<p>Kombineeritud m\u00f5\u00f5teriist, mis \u00fchendab mitu funktsiooni (voltmeeter, ampermeeter, oommeeter ja termomeeter).<\/p>\n","protected":false},"featured_media":26665,"comment_status":"open","ping_status":"closed","template":"","meta":{"_acf_changed":false,"_monsterinsights_skip_tracking":false,"_monsterinsights_sitenote_active":false,"_monsterinsights_sitenote_note":"","_monsterinsights_sitenote_category":0},"pwb-brand":[2421],"product_brand":[],"product_cat":[302],"product_tag":[],"class_list":{"0":"post-8695","1":"product","2":"type-product","3":"status-publish","4":"has-post-thumbnail","6":"pwb-brand-iek","7":"product_cat-multimeetrid","9":"first","10":"outofstock","11":"taxable","12":"shipping-taxable","13":"purchasable","14":"product-type-simple"},"acf":[],"aioseo_notices":[],"jetpack_sharing_enabled":true,"brands":[{"id":2421,"name":"IEK","slug":"iek"}],"_links":{"self":[{"href":"https:\/\/westbalt.ee\/index.php?rest_route=\/wp\/v2\/product\/8695","targetHints":{"allow":["GET"]}}],"collection":[{"href":"https:\/\/westbalt.ee\/index.php?rest_route=\/wp\/v2\/product"}],"about":[{"href":"https:\/\/westbalt.ee\/index.php?rest_route=\/wp\/v2\/types\/product"}],"replies":[{"embeddable":true,"href":"https:\/\/westbalt.ee\/index.php?rest_route=%2Fwp%2Fv2%2Fcomments&post=8695"}],"wp:featuredmedia":[{"embeddable":true,"href":"https:\/\/westbalt.ee\/index.php?rest_route=\/wp\/v2\/media\/26665"}],"wp:attachment":[{"href":"https:\/\/westbalt.ee\/index.php?rest_route=%2Fwp%2Fv2%2Fmedia&parent=8695"}],"wp:term":[{"taxonomy":"pwb-brand","embeddable":true,"href":"https:\/\/westbalt.ee\/index.php?rest_route=%2Fwp%2Fv2%2Fpwb-brand&post=8695"},{"taxonomy":"product_brand","embeddable":true,"href":"https:\/\/westbalt.ee\/index.php?rest_route=%2Fwp%2Fv2%2Fproduct_brand&post=8695"},{"taxonomy":"product_cat","embeddable":true,"href":"https:\/\/westbalt.ee\/index.php?rest_route=%2Fwp%2Fv2%2Fproduct_cat&post=8695"},{"taxonomy":"product_tag","embeddable":true,"href":"https:\/\/westbalt.ee\/index.php?rest_route=%2Fwp%2Fv2%2Fproduct_tag&post=8695"}],"curies":[{"name":"wp","href":"https:\/\/api.w.org\/{rel}","templated":true}]}}