{"id":8888,"date":"2012-10-05T16:29:29","date_gmt":"2012-10-05T13:29:29","guid":{"rendered":"https:\/\/westbalt.ee\/?post_type=product&#038;p=8888"},"modified":"2026-03-21T19:49:24","modified_gmt":"2026-03-21T16:49:24","slug":"termokahanevate-ruuside-komplekt-40-tk-mitmevarvilised","status":"publish","type":"product","link":"https:\/\/westbalt.ee\/?product=termokahanevate-ruuside-komplekt-40-tk-mitmevarvilised","title":{"rendered":"Termokahanevate r\u00fc\u00fcside komplekt &#8211; 40 tk &#8211; mitmev\u00e4rvilised"},"content":{"rendered":"<p>&#8211;<\/p>\n","protected":false},"excerpt":{"rendered":"<p>\u2022 sisaldab: \u00d81 x 120mm 10tk, \u00d82 x 120mm 10tk, \u00d84 x 120mm 5tk, \u00d86 x 120mm 5tk, \u00d89 x 120mm 5tk, \u00d812 x 120mm 5tk<br \/>\n\u2022 halogeeni-  ja dioksiinivaba<br \/>\n\u2022 kuumusega kahanev<br \/>\n\u2022 erinevad v\u00e4rvid<br \/>\n\u2022 kahanemistemperatuur: 90\u00b0C<br \/>\n\u2022 maks. temperatuur: 120\u00b0C<br \/>\n\u2022 kahanemiskoefitsent: 2:1<br \/>\n\u2022 dielektriline l\u00e4bil\u00f6\u00f6k: 15kV\/mm<\/p>\n","protected":false},"featured_media":8889,"comment_status":"open","ping_status":"open","template":"","meta":{"_acf_changed":false,"_monsterinsights_skip_tracking":false,"_monsterinsights_sitenote_active":false,"_monsterinsights_sitenote_note":"","_monsterinsights_sitenote_category":0},"pwb-brand":[2410],"product_brand":[],"product_cat":[271],"product_tag":[],"class_list":{"0":"post-8888","1":"product","2":"type-product","3":"status-publish","4":"has-post-thumbnail","6":"pwb-brand-velleman","7":"product_cat-kaablikaitsetorud","8":"pa_m-dud-l-120mm","10":"first","11":"outofstock","12":"taxable","13":"shipping-taxable","14":"purchasable","15":"product-type-simple"},"acf":[],"aioseo_notices":[],"jetpack_sharing_enabled":true,"brands":[{"id":2410,"name":"VELLEMAN","slug":"velleman"}],"_links":{"self":[{"href":"https:\/\/westbalt.ee\/index.php?rest_route=\/wp\/v2\/product\/8888","targetHints":{"allow":["GET"]}}],"collection":[{"href":"https:\/\/westbalt.ee\/index.php?rest_route=\/wp\/v2\/product"}],"about":[{"href":"https:\/\/westbalt.ee\/index.php?rest_route=\/wp\/v2\/types\/product"}],"replies":[{"embeddable":true,"href":"https:\/\/westbalt.ee\/index.php?rest_route=%2Fwp%2Fv2%2Fcomments&post=8888"}],"wp:featuredmedia":[{"embeddable":true,"href":"https:\/\/westbalt.ee\/index.php?rest_route=\/wp\/v2\/media\/8889"}],"wp:attachment":[{"href":"https:\/\/westbalt.ee\/index.php?rest_route=%2Fwp%2Fv2%2Fmedia&parent=8888"}],"wp:term":[{"taxonomy":"pwb-brand","embeddable":true,"href":"https:\/\/westbalt.ee\/index.php?rest_route=%2Fwp%2Fv2%2Fpwb-brand&post=8888"},{"taxonomy":"product_brand","embeddable":true,"href":"https:\/\/westbalt.ee\/index.php?rest_route=%2Fwp%2Fv2%2Fproduct_brand&post=8888"},{"taxonomy":"product_cat","embeddable":true,"href":"https:\/\/westbalt.ee\/index.php?rest_route=%2Fwp%2Fv2%2Fproduct_cat&post=8888"},{"taxonomy":"product_tag","embeddable":true,"href":"https:\/\/westbalt.ee\/index.php?rest_route=%2Fwp%2Fv2%2Fproduct_tag&post=8888"}],"curies":[{"name":"wp","href":"https:\/\/api.w.org\/{rel}","templated":true}]}}