{"id":9180,"date":"2012-10-05T18:26:16","date_gmt":"2012-10-05T15:26:16","guid":{"rendered":"https:\/\/westbalt.ee\/?post_type=product&#038;p=9180"},"modified":"2026-03-21T19:50:41","modified_gmt":"2026-03-21T16:50:41","slug":"suru-hk-400ml","status":"publish","type":"product","link":"https:\/\/westbalt.ee\/?product=suru-hk-400ml","title":{"rendered":"Suru\u00f5hk 400ml"},"content":{"rendered":"<p>Tuleohtlik! Hoidke p\u00e4ikesepaiste ja \u00fcle 50-kraadise kuumuse eest,\u00e4rge purustage ega asetage h\u00f5\u00f5guvale pinnale! Hoidke laste eest!<br \/>\nKasutada vaid ventileeritud kohtades. Sisaldab propaani ja butaani.<\/p>\n","protected":false},"excerpt":{"rendered":"<p>V\u00e4ga mugav vahend raskesti ligip\u00e4\u00e4asetavate kohtade puhastamiseks.<\/p>\n<p>Sobib arvuti korpuste, klaviatuuride ja b\u00fcrootehnika puhastamiseks.<br \/>\nSeadme tegutsemise printsiip: tolm ja mustus puhutakse  k\u00f5rgsurvega v\u00e4lja, sellep\u00e4rast on vahend ohutu ka monitoridele, fotofilmidele, slaididele, raamatutele ja isegi optilistele seadmetele.<\/p>\n","protected":false},"featured_media":9181,"comment_status":"open","ping_status":"open","template":"","meta":{"_acf_changed":false,"_monsterinsights_skip_tracking":false,"_monsterinsights_sitenote_active":false,"_monsterinsights_sitenote_note":"","_monsterinsights_sitenote_category":0},"pwb-brand":[],"product_brand":[],"product_cat":[344],"product_tag":[],"class_list":{"0":"post-9180","1":"product","2":"type-product","3":"status-publish","4":"has-post-thumbnail","6":"product_cat-puhastusvahendid","8":"first","9":"outofstock","10":"taxable","11":"shipping-taxable","12":"purchasable","13":"product-type-simple"},"acf":[],"aioseo_notices":[],"jetpack_sharing_enabled":true,"brands":[],"_links":{"self":[{"href":"https:\/\/westbalt.ee\/index.php?rest_route=\/wp\/v2\/product\/9180","targetHints":{"allow":["GET"]}}],"collection":[{"href":"https:\/\/westbalt.ee\/index.php?rest_route=\/wp\/v2\/product"}],"about":[{"href":"https:\/\/westbalt.ee\/index.php?rest_route=\/wp\/v2\/types\/product"}],"replies":[{"embeddable":true,"href":"https:\/\/westbalt.ee\/index.php?rest_route=%2Fwp%2Fv2%2Fcomments&post=9180"}],"wp:featuredmedia":[{"embeddable":true,"href":"https:\/\/westbalt.ee\/index.php?rest_route=\/wp\/v2\/media\/9181"}],"wp:attachment":[{"href":"https:\/\/westbalt.ee\/index.php?rest_route=%2Fwp%2Fv2%2Fmedia&parent=9180"}],"wp:term":[{"taxonomy":"pwb-brand","embeddable":true,"href":"https:\/\/westbalt.ee\/index.php?rest_route=%2Fwp%2Fv2%2Fpwb-brand&post=9180"},{"taxonomy":"product_brand","embeddable":true,"href":"https:\/\/westbalt.ee\/index.php?rest_route=%2Fwp%2Fv2%2Fproduct_brand&post=9180"},{"taxonomy":"product_cat","embeddable":true,"href":"https:\/\/westbalt.ee\/index.php?rest_route=%2Fwp%2Fv2%2Fproduct_cat&post=9180"},{"taxonomy":"product_tag","embeddable":true,"href":"https:\/\/westbalt.ee\/index.php?rest_route=%2Fwp%2Fv2%2Fproduct_tag&post=9180"}],"curies":[{"name":"wp","href":"https:\/\/api.w.org\/{rel}","templated":true}]}}