{"id":9380,"date":"2012-10-05T19:57:55","date_gmt":"2012-10-05T16:57:55","guid":{"rendered":"https:\/\/westbalt.ee\/?post_type=product&#038;p=9380"},"modified":"2026-03-21T19:47:37","modified_gmt":"2026-03-21T16:47:37","slug":"luksmeeter-uni-t-ut383-0-199999lux","status":"publish","type":"product","link":"https:\/\/westbalt.ee\/?product=luksmeeter-uni-t-ut383-0-199999lux","title":{"rendered":"Luksmeeter UNI-T UT383 0-199999Lux"},"content":{"rendered":"<p><span>Tehnilised parameetrid:<\/span><\/p>\n<p><span>Valgustuse m\u00f5\u00f5tmine (LUX)<\/span><br \/>\n<span>Vahemik \/ eraldusv\u00f5ime \/ t\u00e4psus<\/span><br \/>\n<span>0 kuni 9999Lx \/ 1Lx \/ \u00b1 (4% + 8kohalist)<\/span><br \/>\n<span>\u226510000Lx \/ 10Lx \/ \u00b1 (5% + 10kohalist)<\/span><br \/>\n<span>\u2265100000Lx \/ 100Lx \/ \u00b1 (5% + 10 numbrit)<\/span><\/p>\n<p><span>Valgustuse m\u00f5\u00f5tmise (FC\u00a0)<\/span><br \/>\n<span>FC t\u00e4psust saab kontrollida \u00fchikute teisendamise teel: 1 Fc = 10,76lx.<\/span><br \/>\n<span>Vahemik \/ eraldusv\u00f5ime \/ t\u00e4psus<\/span><br \/>\n<span>0 kuni 999,9<\/span><br \/>\n<span>Fc \/ 0,1 Fc\u00a0\/ \u00b1 (4% + 8 numbrit) \u2265\u00a01000 Fc \/ 1 Fc \/ \u00b1 (5% + 10 numbrit)<\/span><br \/>\n<span>\u2265 10000 Fc \/ 10 Fc \/ \u00b1 (5% + 10 numbrit)<\/span><\/p>\n<p><span>Muud funktsioonid<\/span><br \/>\n<span>&#8211; ekraan: 4 kohta, 9999, <\/span><span>taustvalgustusega, 32 x 26 mm<\/span><br \/>\n<span>&#8211; vahemike automaatne vahetamine<\/span><br \/>\n<span>&#8211; m\u00f5\u00f5tekiirus: 2x \/ sek<\/span><br \/>\n<span>&#8211; andmete k\u00fclmutamine ekraanil Data Hold<\/span><br \/>\n<span>&#8211; MAX \/ MIN re\u017eiim<\/span><br \/>\n<span>&#8211; toiteallikas: 3tk 1,5V AAA (komplektis)<\/span><br \/>\n<span>&#8211; automaatne v\u00e4ljal\u00fclitamine: umbes 5 minuti p\u00e4rast<\/span><br \/>\n<span>&#8211; t\u00fchja patarei n\u00e4it<\/span><br \/>\n<span>&#8211; kukkumiskindlus: 1 m<\/span><br \/>\n<span>&#8211; t\u00f6\u00f6temperatuur ja niiskus: 0 \u00b0 C kuni 40 \u00b0 C (max 80% RH)<\/span><\/p>\n","protected":false},"excerpt":{"rendered":"<ul>\n<li><span>lihtne ja stabiilne, laialdaselt kasutatav seade<\/span><\/li>\n<li><span>valgustugevuse m\u00f5\u00f5tmine 0 kuni 199900 Lux<\/span><\/li>\n<li><span>vahemike automaatne \u00fcmberl\u00fclitamine<\/span><\/li>\n<li><span>m\u00f5\u00f5t\u00fchikud saab valida Lx v\u00f5i FC vahel<\/span><\/li>\n<li><span>32 x 26 mm taustvalgustusega ekraan<\/span><\/li>\n<\/ul>\n","protected":false},"featured_media":24468,"comment_status":"open","ping_status":"closed","template":"","meta":{"_acf_changed":false,"_monsterinsights_skip_tracking":false,"_monsterinsights_sitenote_active":false,"_monsterinsights_sitenote_note":"","_monsterinsights_sitenote_category":0},"pwb-brand":[2409],"product_brand":[],"product_cat":[300],"product_tag":[],"class_list":{"0":"post-9380","1":"product","2":"type-product","3":"status-publish","4":"has-post-thumbnail","6":"pwb-brand-uni-t","7":"product_cat-elektriinstallatsiooni-m-teriistad","9":"first","10":"instock","11":"taxable","12":"shipping-taxable","13":"purchasable","14":"product-type-simple"},"acf":[],"aioseo_notices":[],"jetpack_sharing_enabled":true,"brands":[{"id":2409,"name":"UNI-T","slug":"uni-t"}],"_links":{"self":[{"href":"https:\/\/westbalt.ee\/index.php?rest_route=\/wp\/v2\/product\/9380","targetHints":{"allow":["GET"]}}],"collection":[{"href":"https:\/\/westbalt.ee\/index.php?rest_route=\/wp\/v2\/product"}],"about":[{"href":"https:\/\/westbalt.ee\/index.php?rest_route=\/wp\/v2\/types\/product"}],"replies":[{"embeddable":true,"href":"https:\/\/westbalt.ee\/index.php?rest_route=%2Fwp%2Fv2%2Fcomments&post=9380"}],"wp:featuredmedia":[{"embeddable":true,"href":"https:\/\/westbalt.ee\/index.php?rest_route=\/wp\/v2\/media\/24468"}],"wp:attachment":[{"href":"https:\/\/westbalt.ee\/index.php?rest_route=%2Fwp%2Fv2%2Fmedia&parent=9380"}],"wp:term":[{"taxonomy":"pwb-brand","embeddable":true,"href":"https:\/\/westbalt.ee\/index.php?rest_route=%2Fwp%2Fv2%2Fpwb-brand&post=9380"},{"taxonomy":"product_brand","embeddable":true,"href":"https:\/\/westbalt.ee\/index.php?rest_route=%2Fwp%2Fv2%2Fproduct_brand&post=9380"},{"taxonomy":"product_cat","embeddable":true,"href":"https:\/\/westbalt.ee\/index.php?rest_route=%2Fwp%2Fv2%2Fproduct_cat&post=9380"},{"taxonomy":"product_tag","embeddable":true,"href":"https:\/\/westbalt.ee\/index.php?rest_route=%2Fwp%2Fv2%2Fproduct_tag&post=9380"}],"curies":[{"name":"wp","href":"https:\/\/api.w.org\/{rel}","templated":true}]}}