{"id":9599,"date":"2012-10-05T21:54:50","date_gmt":"2012-10-05T18:54:50","guid":{"rendered":"https:\/\/westbalt.ee\/?post_type=product&#038;p=9599"},"modified":"2026-03-21T19:39:01","modified_gmt":"2026-03-21T16:39:01","slug":"neon-lamp-230v-0-8ma-green","status":"publish","type":"product","link":"https:\/\/westbalt.ee\/?product=neon-lamp-230v-0-8ma-green","title":{"rendered":"Neoonpirn 80V 0.9mA roheline 4x10mm"},"content":{"rendered":"","protected":false},"excerpt":{"rendered":"<p>V\u00e4rv: roheline<br \/>\nNimipinge: 80 V AC\/105 V DC<br \/>\nVool: 0,9 mA<br \/>\nL\u00e4bim\u00f5\u00f5t: 4 mm<br \/>\nPikkus: 10 mm<br \/>\nNominaalne eluiga: 20000h<br \/>\nSoovitatav takisti: 100 V&#8230;125 V: 56 k\u03a9 1\/4 W, 220 V&#8230; 250 V: 150 k\u03a9 1\/4 W<\/p>\n","protected":false},"featured_media":26152,"comment_status":"open","ping_status":"closed","template":"","meta":{"_acf_changed":false,"_monsterinsights_skip_tracking":false,"_monsterinsights_sitenote_active":false,"_monsterinsights_sitenote_note":"","_monsterinsights_sitenote_category":0},"pwb-brand":[],"product_brand":[],"product_cat":[160,307],"product_tag":[],"class_list":{"0":"post-9599","1":"product","2":"type-product","3":"status-publish","4":"has-post-thumbnail","6":"product_cat-mini-lambid","7":"product_cat-electrooniku-tooriistad","9":"first","10":"instock","11":"taxable","12":"shipping-taxable","13":"purchasable","14":"product-type-simple"},"acf":[],"aioseo_notices":[],"jetpack_sharing_enabled":true,"brands":[],"_links":{"self":[{"href":"https:\/\/westbalt.ee\/index.php?rest_route=\/wp\/v2\/product\/9599","targetHints":{"allow":["GET"]}}],"collection":[{"href":"https:\/\/westbalt.ee\/index.php?rest_route=\/wp\/v2\/product"}],"about":[{"href":"https:\/\/westbalt.ee\/index.php?rest_route=\/wp\/v2\/types\/product"}],"replies":[{"embeddable":true,"href":"https:\/\/westbalt.ee\/index.php?rest_route=%2Fwp%2Fv2%2Fcomments&post=9599"}],"wp:featuredmedia":[{"embeddable":true,"href":"https:\/\/westbalt.ee\/index.php?rest_route=\/wp\/v2\/media\/26152"}],"wp:attachment":[{"href":"https:\/\/westbalt.ee\/index.php?rest_route=%2Fwp%2Fv2%2Fmedia&parent=9599"}],"wp:term":[{"taxonomy":"pwb-brand","embeddable":true,"href":"https:\/\/westbalt.ee\/index.php?rest_route=%2Fwp%2Fv2%2Fpwb-brand&post=9599"},{"taxonomy":"product_brand","embeddable":true,"href":"https:\/\/westbalt.ee\/index.php?rest_route=%2Fwp%2Fv2%2Fproduct_brand&post=9599"},{"taxonomy":"product_cat","embeddable":true,"href":"https:\/\/westbalt.ee\/index.php?rest_route=%2Fwp%2Fv2%2Fproduct_cat&post=9599"},{"taxonomy":"product_tag","embeddable":true,"href":"https:\/\/westbalt.ee\/index.php?rest_route=%2Fwp%2Fv2%2Fproduct_tag&post=9599"}],"curies":[{"name":"wp","href":"https:\/\/api.w.org\/{rel}","templated":true}]}}