{"id":9736,"date":"2012-10-05T22:53:46","date_gmt":"2012-10-05T19:53:46","guid":{"rendered":"https:\/\/westbalt.ee\/?post_type=product&#038;p=9736"},"modified":"2026-03-21T19:54:01","modified_gmt":"2026-03-21T16:54:01","slug":"panel-3205r-16a-2x32a-5p-2x16a-2p","status":"publish","type":"product","link":"https:\/\/westbalt.ee\/?product=panel-3205r-16a-2x32a-5p-2x16a-2p","title":{"rendered":"Pistik 16A 5P IP44 faasi vahetusega"},"content":{"rendered":"<p>&#8211;<\/p>\n","protected":false},"excerpt":{"rendered":"<p>Kaitseklass:\tIP44<br \/>\nKonnektori konfiguratsioon:\t3P+N+PE (6H)<br \/>\nElektripaigaldus: kruviklemm<br \/>\nKontaktmaterjal:\tnikeldatud messing<br \/>\nKaabli v\u00e4lisl\u00e4bim\u00f5\u00f5t:\t8&#8230;16mm<br \/>\nNimipinge:\t400 VAC<br \/>\nJuhtme ristl\u00f5ige:\t1&#8230;2,5 mm 2<\/p>\n","protected":false},"featured_media":26779,"comment_status":"open","ping_status":"closed","template":"","meta":{"_acf_changed":false,"_monsterinsights_skip_tracking":false,"_monsterinsights_sitenote_active":false,"_monsterinsights_sitenote_note":"","_monsterinsights_sitenote_category":0},"pwb-brand":[2433],"product_brand":[],"product_cat":[273],"product_tag":[],"class_list":{"0":"post-9736","1":"product","2":"type-product","3":"status-publish","4":"has-post-thumbnail","6":"pwb-brand-pce","7":"product_cat-j-upistikud","9":"first","10":"onbackorder","11":"taxable","12":"shipping-taxable","13":"purchasable","14":"product-type-simple"},"acf":[],"aioseo_notices":[],"jetpack_sharing_enabled":true,"brands":[{"id":2433,"name":"PCE","slug":"pce"}],"_links":{"self":[{"href":"https:\/\/westbalt.ee\/index.php?rest_route=\/wp\/v2\/product\/9736","targetHints":{"allow":["GET"]}}],"collection":[{"href":"https:\/\/westbalt.ee\/index.php?rest_route=\/wp\/v2\/product"}],"about":[{"href":"https:\/\/westbalt.ee\/index.php?rest_route=\/wp\/v2\/types\/product"}],"replies":[{"embeddable":true,"href":"https:\/\/westbalt.ee\/index.php?rest_route=%2Fwp%2Fv2%2Fcomments&post=9736"}],"wp:featuredmedia":[{"embeddable":true,"href":"https:\/\/westbalt.ee\/index.php?rest_route=\/wp\/v2\/media\/26779"}],"wp:attachment":[{"href":"https:\/\/westbalt.ee\/index.php?rest_route=%2Fwp%2Fv2%2Fmedia&parent=9736"}],"wp:term":[{"taxonomy":"pwb-brand","embeddable":true,"href":"https:\/\/westbalt.ee\/index.php?rest_route=%2Fwp%2Fv2%2Fpwb-brand&post=9736"},{"taxonomy":"product_brand","embeddable":true,"href":"https:\/\/westbalt.ee\/index.php?rest_route=%2Fwp%2Fv2%2Fproduct_brand&post=9736"},{"taxonomy":"product_cat","embeddable":true,"href":"https:\/\/westbalt.ee\/index.php?rest_route=%2Fwp%2Fv2%2Fproduct_cat&post=9736"},{"taxonomy":"product_tag","embeddable":true,"href":"https:\/\/westbalt.ee\/index.php?rest_route=%2Fwp%2Fv2%2Fproduct_tag&post=9736"}],"curies":[{"name":"wp","href":"https:\/\/api.w.org\/{rel}","templated":true}]}}