{"id":9827,"date":"2012-10-05T23:25:52","date_gmt":"2012-10-05T20:25:52","guid":{"rendered":"https:\/\/westbalt.ee\/?post_type=product&#038;p=9827"},"modified":"2026-03-21T19:50:27","modified_gmt":"2026-03-21T16:50:27","slug":"termokahanevate-ruuside-komplekt-40tk-must","status":"publish","type":"product","link":"https:\/\/westbalt.ee\/?product=termokahanevate-ruuside-komplekt-40tk-must","title":{"rendered":"Termokahanevate r\u00fc\u00fcside komplekt &#8211; 40tk &#8211; must"},"content":{"rendered":"<p>&#8211;<\/p>\n","protected":false},"excerpt":{"rendered":"<p>\u2022 komplekt sisaldab: \u00d81 &#8211; 10 tk, \u00d82 &#8211; 10 tk, \u00d84 &#8211; 5 tk, \u00d86 &#8211; 5 tk, \u00d89 &#8211; 5 tk, \u00d812 &#8211; 5 tk<br \/>\n\u2022 halogeeni- ja dioksiinivaba<br \/>\n\u2022 kuumusega kahanev<br \/>\n\u2022 kahanemistemperatuur: 90\u00b0C<br \/>\n\u2022 maks. temperatuur: 120\u00b0C<br \/>\n\u2022 kahanemiskoefitsent: 2:1<br \/>\n\u2022 dielektriline l\u00e4bil\u00f6\u00f6k: 15kV\/mm<\/p>\n","protected":false},"featured_media":9828,"comment_status":"open","ping_status":"open","template":"","meta":{"_acf_changed":false,"_monsterinsights_skip_tracking":false,"_monsterinsights_sitenote_active":false,"_monsterinsights_sitenote_note":"","_monsterinsights_sitenote_category":0},"pwb-brand":[2410],"product_brand":[],"product_cat":[271],"product_tag":[],"class_list":{"0":"post-9827","1":"product","2":"type-product","3":"status-publish","4":"has-post-thumbnail","6":"pwb-brand-velleman","7":"product_cat-kaablikaitsetorud","8":"pa_m-dud-l-120mm","9":"pa_varv-must","11":"first","12":"onbackorder","13":"taxable","14":"shipping-taxable","15":"purchasable","16":"product-type-simple"},"acf":[],"aioseo_notices":[],"jetpack_sharing_enabled":true,"brands":[{"id":2410,"name":"VELLEMAN","slug":"velleman"}],"_links":{"self":[{"href":"https:\/\/westbalt.ee\/index.php?rest_route=\/wp\/v2\/product\/9827","targetHints":{"allow":["GET"]}}],"collection":[{"href":"https:\/\/westbalt.ee\/index.php?rest_route=\/wp\/v2\/product"}],"about":[{"href":"https:\/\/westbalt.ee\/index.php?rest_route=\/wp\/v2\/types\/product"}],"replies":[{"embeddable":true,"href":"https:\/\/westbalt.ee\/index.php?rest_route=%2Fwp%2Fv2%2Fcomments&post=9827"}],"wp:featuredmedia":[{"embeddable":true,"href":"https:\/\/westbalt.ee\/index.php?rest_route=\/wp\/v2\/media\/9828"}],"wp:attachment":[{"href":"https:\/\/westbalt.ee\/index.php?rest_route=%2Fwp%2Fv2%2Fmedia&parent=9827"}],"wp:term":[{"taxonomy":"pwb-brand","embeddable":true,"href":"https:\/\/westbalt.ee\/index.php?rest_route=%2Fwp%2Fv2%2Fpwb-brand&post=9827"},{"taxonomy":"product_brand","embeddable":true,"href":"https:\/\/westbalt.ee\/index.php?rest_route=%2Fwp%2Fv2%2Fproduct_brand&post=9827"},{"taxonomy":"product_cat","embeddable":true,"href":"https:\/\/westbalt.ee\/index.php?rest_route=%2Fwp%2Fv2%2Fproduct_cat&post=9827"},{"taxonomy":"product_tag","embeddable":true,"href":"https:\/\/westbalt.ee\/index.php?rest_route=%2Fwp%2Fv2%2Fproduct_tag&post=9827"}],"curies":[{"name":"wp","href":"https:\/\/api.w.org\/{rel}","templated":true}]}}